{"id":10178,"date":"2025-11-20T00:38:31","date_gmt":"2025-11-20T00:38:31","guid":{"rendered":"https:\/\/traveling-egypt.com\/?page_id=10178"},"modified":"2025-11-20T00:51:59","modified_gmt":"2025-11-20T00:51:59","slug":"transfert","status":"publish","type":"page","link":"https:\/\/traveling-egypt.com\/pl\/transfert\/","title":{"rendered":"Przenosi\u0107"},"content":{"rendered":"<div data-elementor-type=\"wp-page\" data-elementor-id=\"10178\" class=\"elementor elementor-10178\" data-elementor-post-type=\"page\">\n\t\t\t\t<div class=\"elementor-element elementor-element-6e0a2a20 e-flex e-con-boxed wpr-particle-no wpr-jarallax-no wpr-parallax-no wpr-sticky-section-no e-con e-parent\" data-id=\"6e0a2a20\" data-element_type=\"container\">\n\t\t\t\t\t<div class=\"e-con-inner\">\n\t\t<div class=\"elementor-element elementor-element-3827ef1c e-con-full e-flex wpr-particle-no wpr-jarallax-no wpr-parallax-no wpr-sticky-section-no e-con e-child\" data-id=\"3827ef1c\" data-element_type=\"container\">\n\t\t\t\t<div class=\"elementor-element elementor-element-7d0a0a18 elementor-widget elementor-widget-image\" data-id=\"7d0a0a18\" data-element_type=\"widget\" data-widget_type=\"image.default\">\n\t\t\t\t\t\t\t\t\t\t\t\t\t\t\t<img fetchpriority=\"high\" decoding=\"async\" width=\"370\" height=\"370\" src=\"https:\/\/traveling-egypt.com\/wp-content\/uploads\/2025\/11\/22-370x370-1.png\" class=\"attachment-large size-large wp-image-10189\" alt=\"\" srcset=\"https:\/\/traveling-egypt.com\/wp-content\/uploads\/2025\/11\/22-370x370-1.png 370w, https:\/\/traveling-egypt.com\/wp-content\/uploads\/2025\/11\/22-370x370-1-300x300.png 300w, https:\/\/traveling-egypt.com\/wp-content\/uploads\/2025\/11\/22-370x370-1-150x150.png 150w, https:\/\/traveling-egypt.com\/wp-content\/uploads\/2025\/11\/22-370x370-1-355x355.png 355w, https:\/\/traveling-egypt.com\/wp-content\/uploads\/2025\/11\/22-370x370-1-170x170.png 170w\" sizes=\"(max-width: 370px) 100vw, 370px\" \/>\t\t\t\t\t\t\t\t\t\t\t\t\t\t\t<\/div>\n\t\t\t\t<\/div>\n\t\t<div class=\"elementor-element elementor-element-1f2426f5 e-con-full e-flex wpr-particle-no wpr-jarallax-no wpr-parallax-no wpr-sticky-section-no e-con e-child\" data-id=\"1f2426f5\" data-element_type=\"container\">\n\t\t\t\t<div class=\"elementor-element elementor-element-750fc18d elementor-widget elementor-widget-heading\" data-id=\"750fc18d\" data-element_type=\"widget\" data-widget_type=\"heading.default\">\n\t\t\t\t\t<h2 class=\"elementor-heading-title elementor-size-default\">Transfer mi\u0119dzy miastami<\/h2>\t\t\t\t<\/div>\n\t\t\t\t<div class=\"elementor-element elementor-element-1d3ef922 elementor-widget elementor-widget-text-editor\" data-id=\"1d3ef922\" data-element_type=\"widget\" data-widget_type=\"text-editor.default\">\n\t\t\t\t\t\t\t\t\t<p>Zarezerwuj transfer mi\u0119dzy dwoma miastami i ciesz si\u0119 przyjemn\u0105 podr\u00f3\u017c\u0105! Cena obejmuje ca\u0142y pojazd, idealny dla 4 do 9 os\u00f3b. Ciesz si\u0119 napojami i przek\u0105skami podczas podr\u00f3\u017cy, aby by\u0142a jeszcze przyjemniejsza. Je\u015bli podr\u00f3\u017cujesz w mniej ni\u017c 4 osoby, kliknij poni\u017cszy przycisk, aby zarezerwowa\u0107 samoch\u00f3d. Tw\u00f3j angloj\u0119zyczny kierowca zadba o Tw\u00f3j komfort przez ca\u0142\u0105 podr\u00f3\u017c!<\/p>\t\t\t\t\t\t\t\t<\/div>\n\t\t\t\t<\/div>\n\t\t\t\t\t<\/div>\n\t\t\t\t<\/div>\n\t\t<div class=\"elementor-element elementor-element-46a95f26 e-flex e-con-boxed wpr-particle-no wpr-jarallax-no wpr-parallax-no wpr-sticky-section-no e-con e-parent\" data-id=\"46a95f26\" data-element_type=\"container\">\n\t\t\t\t\t<div class=\"e-con-inner\">\n\t\t\t\t<div class=\"elementor-element elementor-element-f974d45 elementor-widget elementor-widget-text-editor\" data-id=\"f974d45\" data-element_type=\"widget\" data-widget_type=\"text-editor.default\">\n\t\t\t\t\t\t\t\t\t<div class=\"elementor-element elementor-element-bd421b9 --secondaryFontFamily elementor-widget elementor-widget-heading\" data-id=\"bd421b9\" data-element_type=\"widget\" data-widget_type=\"heading.default\"><div class=\"elementor-widget-container\"><h2 data-start=\"43\" data-end=\"122\"><strong data-start=\"43\" data-end=\"122\" data-is-last-node=\"\">Zabezpiecz sw\u00f3j przelew zaledwie kilkoma klikni\u0119ciami!<br data-start=\"87\" data-end=\"90\" \/>Formularz informacyjny dotycz\u0105cy Twojej podr\u00f3\u017cy<\/strong><\/h2><\/div><\/div>\t\t\t\t\t\t\t\t<\/div>\n\t\t\t\t<div class=\"elementor-element elementor-element-3622bf33 elementor-widget elementor-widget-text-editor\" data-id=\"3622bf33\" data-element_type=\"widget\" data-widget_type=\"text-editor.default\">\n\t\t\t\t\t\t\t\t\t<p data-start=\"43\" data-end=\"326\"><strong data-start=\"43\" data-end=\"326\">Uzupe\u0142nij poni\u017csze dane, aby zoptymalizowa\u0107 sw\u00f3j przyjazd lub wyjazd.<br data-start=\"110\" data-end=\"113\" \/>Koszt transferu minivanem, p\u0142atny bezpo\u015brednio kierowcy w dniu odbioru, obejmuje ca\u0142y pojazd. Transfer jest przeznaczony dla 4\u20139 os\u00f3b i dost\u0119pny jest w obie strony.<\/strong><\/p><p data-start=\"328\" data-end=\"641\" data-is-last-node=\"\" data-is-only-node=\"\"><strong data-start=\"328\" data-end=\"342\">UWAGA!<\/strong> Podczas przesy\u0142ania paszport\u00f3w, przed ich wybraniem, nale\u017cy je zgrupowa\u0107 w jednym folderze.<br data-start=\"446\" data-end=\"449\" \/>Je\u015bli prze\u015blesz je jeden po drugim, ka\u017cdy nowy paszport b\u0119dzie nadpisywa\u0142 poprzedni.<br data-start=\"530\" data-end=\"533\" \/>Aby mie\u0107 pewno\u015b\u0107, \u017ce wszystkie Twoje zdj\u0119cia zostan\u0105 uwzgl\u0119dnione, zorganizuj je w jednym folderze i wybierz je wszystkie razem. Dzi\u0119kujemy!<\/p>\t\t\t\t\t\t\t\t<\/div>\n\t\t\t\t<div class=\"elementor-element elementor-element-20258346 elementor-button-align-stretch elementor-widget elementor-widget-form\" data-id=\"20258346\" data-element_type=\"widget\" data-settings=\"{&quot;step_next_label&quot;:&quot;Next&quot;,&quot;step_previous_label&quot;:&quot;Previous&quot;,&quot;button_width&quot;:&quot;100&quot;,&quot;step_type&quot;:&quot;number_text&quot;,&quot;step_icon_shape&quot;:&quot;circle&quot;}\" data-widget_type=\"form.default\">\n\t\t\t\t\t\t\t<form class=\"elementor-form\" method=\"post\" name=\"New Form\" aria-label=\"Nowy formularz\" action=\"\">\n\t\t\t<input type=\"hidden\" name=\"post_id\" value=\"10178\"\/>\n\t\t\t<input type=\"hidden\" name=\"form_id\" value=\"20258346\"\/>\n\t\t\t<input type=\"hidden\" name=\"referer_title\" value=\"Transfert\" \/>\n\n\t\t\t\t\t\t\t<input type=\"hidden\" name=\"queried_id\" value=\"10178\"\/>\n\t\t\t\n\t\t\t<div class=\"elementor-form-fields-wrapper elementor-labels-above\">\n\t\t\t\t\t\t\t\t<div class=\"elementor-field-type-text elementor-field-group elementor-column elementor-field-group-name elementor-col-50\">\n\t\t\t\t\t\t\t\t\t\t\t\t<label for=\"form-field-name\" class=\"elementor-field-label\">\n\t\t\t\t\t\t\t\tImi\u0119 i nazwisko \t\t\t\t\t\t\t<\/label>\n\t\t\t\t\t\t\t\t\t\t\t\t\t\t<input size=\"1\" type=\"text\" name=\"form_fields[name]\" id=\"form-field-name\" class=\"elementor-field elementor-size-sm  elementor-field-textual\">\n\t\t\t\t\t\t\t\t\t\t\t<\/div>\n\t\t\t\t\t\t\t\t<div class=\"elementor-field-type-number elementor-field-group elementor-column elementor-field-group-field_491983b elementor-col-50\">\n\t\t\t\t\t\t\t\t\t\t\t\t<label for=\"form-field-field_491983b\" class=\"elementor-field-label\">\n\t\t\t\t\t\t\t\tliczba podr\u00f3\u017cnych \t\t\t\t\t\t\t<\/label>\n\t\t\t\t\t\t\t\t\t<input type=\"number\" name=\"form_fields[field_491983b]\" id=\"form-field-field_491983b\" class=\"elementor-field elementor-size-sm  elementor-field-textual\" min=\"\" max=\"\" >\n\t\t\t\t\t\t<\/div>\n\t\t\t\t\t\t\t\t<div class=\"elementor-field-type-select elementor-field-group elementor-column elementor-field-group-field_0f8c004 elementor-col-50\">\n\t\t\t\t\t\t\t\t\t\t\t\t<label for=\"form-field-field_0f8c004\" class=\"elementor-field-label\">\n\t\t\t\t\t\t\t\tWyb\u00f3r transferu\t\t\t\t\t\t\t<\/label>\n\t\t\t\t\t\t\t\t<div class=\"elementor-field elementor-select-wrapper remove-before\">\n\t\t\t<div class=\"select-caret-down-wrapper\">\n\t\t\t\t<svg aria-hidden=\"true\" class=\"e-font-icon-svg e-eicon-caret-down\" viewbox=\"0 0 571.4 571.4\" xmlns=\"http:\/\/www.w3.org\/2000\/svg\"><path d=\"M571 393Q571 407 561 418L311 668Q300 679 286 679T261 668L11 418Q0 407 0 393T11 368 36 357H536Q550 357 561 368T571 393Z\"><\/path><\/svg>\t\t\t<\/div>\n\t\t\t<select name=\"form_fields[field_0f8c004]\" id=\"form-field-field_0f8c004\" class=\"elementor-field-textual elementor-size-sm\">\n\t\t\t\t\t\t\t\t\t<option value=\"Assuan \u2013 Abu Simbel (\u20ac125)\">Asuan \u2013 Abu Simbel (125 euro)<\/option>\n\t\t\t\t\t\t\t\t\t<option value=\"Aswan \u2013 Abu Simbel (\u20ac125)\">Asuan \u2013 Abu Simbel (125 euro)<\/option>\n\t\t\t\t\t\t\t\t\t<option value=\"Hurghada \u2013 Luxor (\u20ac120)\">Hurghada \u2013 Luksor (120 euro)<\/option>\n\t\t\t\t\t\t\t\t\t<option value=\"Hurghada \u2013 Marsa Alam (\u20ac120)\">Hurghada \u2013 Marsa Alam (120 \u20ac)<\/option>\n\t\t\t\t\t\t\t\t\t<option value=\"Hurghada \u2013 Cairo (\u20ac200)\">Hurghada \u2013 Kair (200 euro)<\/option>\n\t\t\t\t\t\t\t\t\t<option value=\"Hurghada \u2013 Aswan (\u20ac240)\">Hurghada \u2013 Asuan (240 euro)<\/option>\n\t\t\t\t\t\t\t\t\t<option value=\"Luxor \u2013 Aswan (\u20ac120)\">Luksor \u2013 Asuan (120 \u20ac)<\/option>\n\t\t\t\t\t\t\t\t\t<option value=\"Luxor \u2013 Marsa Alam (\u20ac150)\">Luksor \u2013 Marsa Alam (150 \u20ac)<\/option>\n\t\t\t\t\t\t\t\t\t<option value=\"Luxor \u2013 Cairo (\u20ac250)\">Luksor \u2013 Kair (250 \u20ac)<\/option>\n\t\t\t\t\t\t\t<\/select>\n\t\t<\/div>\n\t\t\t\t\t\t<\/div>\n\t\t\t\t\t\t\t\t<div class=\"elementor-field-type-number elementor-field-group elementor-column elementor-field-group-field_802db58 elementor-col-50\">\n\t\t\t\t\t\t\t\t\t\t\t\t<label for=\"form-field-field_802db58\" class=\"elementor-field-label\">\n\t\t\t\t\t\t\t\tNumer WhatsApp\t\t\t\t\t\t\t<\/label>\n\t\t\t\t\t\t\t\t\t<input type=\"number\" name=\"form_fields[field_802db58]\" id=\"form-field-field_802db58\" class=\"elementor-field elementor-size-sm  elementor-field-textual\" min=\"\" max=\"\" >\n\t\t\t\t\t\t<\/div>\n\t\t\t\t\t\t\t\t<div class=\"elementor-field-type-date elementor-field-group elementor-column elementor-field-group-field_62e0b1d elementor-col-50 elementor-field-required\">\n\t\t\t\t\t\t\t\t\t\t\t\t<label for=\"form-field-field_62e0b1d\" class=\"elementor-field-label\">\n\t\t\t\t\t\t\t\tData odbioru\t\t\t\t\t\t\t<\/label>\n\t\t\t\t\t\t\n\t\t<input type=\"date\" name=\"form_fields[field_62e0b1d]\" id=\"form-field-field_62e0b1d\" class=\"elementor-field elementor-size-sm  elementor-field-textual elementor-date-field\" placeholder=\"Wprowad\u017a dat\u0119 odbioru\" required=\"required\" pattern=\"[0-9]{4}-[0-9]{2}-[0-9]{2}\">\n\t\t\t\t\t\t<\/div>\n\t\t\t\t\t\t\t\t<div class=\"elementor-field-type-number elementor-field-group elementor-column elementor-field-group-field_3c56ffb elementor-col-50 elementor-field-required\">\n\t\t\t\t\t\t\t\t\t\t\t\t<label for=\"form-field-field_3c56ffb\" class=\"elementor-field-label\">\n\t\t\t\t\t\t\t\tData odbioru\t\t\t\t\t\t\t<\/label>\n\t\t\t\t\t\t\t\t\t<input type=\"number\" name=\"form_fields[field_3c56ffb]\" id=\"form-field-field_3c56ffb\" class=\"elementor-field elementor-size-sm  elementor-field-textual\" required=\"required\" min=\"\" max=\"\" >\n\t\t\t\t\t\t<\/div>\n\t\t\t\t\t\t\t\t<div class=\"elementor-field-type-text elementor-field-group elementor-column elementor-field-group-field_f4437b5 elementor-col-50 elementor-field-required\">\n\t\t\t\t\t\t\t\t\t\t\t\t<label for=\"form-field-field_f4437b5\" class=\"elementor-field-label\">\n\t\t\t\t\t\t\t\tNAZWA HOTELU WYJAZDOWEGO\t\t\t\t\t\t\t<\/label>\n\t\t\t\t\t\t\t\t\t\t\t\t\t\t<input size=\"1\" type=\"text\" name=\"form_fields[field_f4437b5]\" id=\"form-field-field_f4437b5\" class=\"elementor-field elementor-size-sm  elementor-field-textual\" required=\"required\">\n\t\t\t\t\t\t\t\t\t\t\t<\/div>\n\t\t\t\t\t\t\t\t<div class=\"elementor-field-type-text elementor-field-group elementor-column elementor-field-group-field_8c39688 elementor-col-50 elementor-field-required\">\n\t\t\t\t\t\t\t\t\t\t\t\t<label for=\"form-field-field_8c39688\" class=\"elementor-field-label\">\n\t\t\t\t\t\t\t\tNAZWA HOTELU PRZYJAZDU\t\t\t\t\t\t\t<\/label>\n\t\t\t\t\t\t\t\t\t\t\t\t\t\t<input size=\"1\" type=\"text\" name=\"form_fields[field_8c39688]\" id=\"form-field-field_8c39688\" class=\"elementor-field elementor-size-sm  elementor-field-textual\" required=\"required\">\n\t\t\t\t\t\t\t\t\t\t\t<\/div>\n\t\t\t\t\t\t\t\t<div class=\"elementor-field-type-upload elementor-field-group elementor-column elementor-field-group-field_7cf6200 elementor-col-50 elementor-field-required\">\n\t\t\t\t\t\t\t\t\t\t\t\t<label for=\"form-field-field_7cf6200\" class=\"elementor-field-label\">\n\t\t\t\t\t\t\t\tPaszporty\t\t\t\t\t\t\t<\/label>\n\t\t\t\t\t\t\t\t<input type=\"file\" name=\"form_fields[field_7cf6200]\" id=\"form-field-field_7cf6200\" class=\"elementor-field elementor-size-sm  elementor-upload-field\" required=\"required\">\n\n\t\t\t\t\t\t<\/div>\n\t\t\t\t\t\t\t\t<div class=\"elementor-field-type-textarea elementor-field-group elementor-column elementor-field-group-field_705248e elementor-col-100 elementor-field-required\">\n\t\t\t\t\t\t\t\t\t\t\t\t<label for=\"form-field-field_705248e\" class=\"elementor-field-label\">\n\t\t\t\t\t\t\t\tWymagania szczeg\u00f3\u0142owe\t\t\t\t\t\t\t<\/label>\n\t\t\t\t\t\t<textarea class=\"elementor-field-textual elementor-field  elementor-size-sm\" name=\"form_fields[field_705248e]\" id=\"form-field-field_705248e\" rows=\"4\" required=\"required\"><\/textarea>\t\t\t\t<\/div>\n\t\t\t\t\t\t\t\t<div class=\"elementor-field-group elementor-column elementor-field-type-submit elementor-col-100 e-form__buttons\">\n\t\t\t\t\t<button class=\"elementor-button elementor-size-sm\" type=\"submit\">\n\t\t\t\t\t\t<span class=\"elementor-button-content-wrapper\">\n\t\t\t\t\t\t\t\t\t\t\t\t\t\t\t\t\t\t\t\t\t\t<span class=\"elementor-button-text\">Zarezerwuj teraz<\/span>\n\t\t\t\t\t\t\t\t\t\t\t\t\t<\/span>\n\t\t\t\t\t<\/button>\n\t\t\t\t<\/div>\n\t\t\t<\/div>\n\t\t<input type=\"hidden\" name=\"trp-form-language\" value=\"pl\"\/><\/form>\n\t\t\t\t\t\t<\/div>\n\t\t\t\t\t<\/div>\n\t\t\t\t<\/div>\n\t\t\t\t<\/div>","protected":false},"excerpt":{"rendered":"<p>Transfer between Cities Book your transfer between two cities for a pleasant trip! The price includes the entire vehicle, ideal for 4 to 9 people. Enjoy drinks and snacks during the journey for an even more enjoyable experience. If you are less than 4 people, click on the button below to book a car. Your<\/p>","protected":false},"author":1,"featured_media":0,"parent":0,"menu_order":0,"comment_status":"closed","ping_status":"closed","template":"elementor_header_footer","meta":{"footnotes":""},"class_list":["post-10178","page","type-page","status-publish","hentry","travel-monster-post","no-post-thumbnail","latest_post"],"acf":[],"_links":{"self":[{"href":"https:\/\/traveling-egypt.com\/pl\/wp-json\/wp\/v2\/pages\/10178","targetHints":{"allow":["GET"]}}],"collection":[{"href":"https:\/\/traveling-egypt.com\/pl\/wp-json\/wp\/v2\/pages"}],"about":[{"href":"https:\/\/traveling-egypt.com\/pl\/wp-json\/wp\/v2\/types\/page"}],"author":[{"embeddable":true,"href":"https:\/\/traveling-egypt.com\/pl\/wp-json\/wp\/v2\/users\/1"}],"replies":[{"embeddable":true,"href":"https:\/\/traveling-egypt.com\/pl\/wp-json\/wp\/v2\/comments?post=10178"}],"version-history":[{"count":7,"href":"https:\/\/traveling-egypt.com\/pl\/wp-json\/wp\/v2\/pages\/10178\/revisions"}],"predecessor-version":[{"id":10214,"href":"https:\/\/traveling-egypt.com\/pl\/wp-json\/wp\/v2\/pages\/10178\/revisions\/10214"}],"wp:attachment":[{"href":"https:\/\/traveling-egypt.com\/pl\/wp-json\/wp\/v2\/media?parent=10178"}],"curies":[{"name":"wp","href":"https:\/\/api.w.org\/{rel}","templated":true}]}}