{"id":8086,"date":"2021-12-30T10:54:48","date_gmt":"2021-12-30T10:54:48","guid":{"rendered":"https:\/\/traveling-egypt.com\/trip-types-2\/"},"modified":"2021-12-30T10:54:48","modified_gmt":"2021-12-30T10:54:48","slug":"trip-types-2","status":"publish","type":"page","link":"https:\/\/traveling-egypt.com\/pl\/trip-types-2\/","title":{"rendered":"Trip Types"},"content":{"rendered":"<p>You can add descriptions here to explain anything further. You can also add more details to optimize the page for SEO. <\/p>\n\n\n\n<p>Podr\u00f3\u017c to przemieszczanie si\u0119 ludzi mi\u0119dzy stosunkowo odleg\u0142ymi miejscami geograficznymi. Mo\u017ce ono obejmowa\u0107 podr\u00f3\u017cowanie pieszo, rowerem, samochodem, poci\u0105giem, statkiem, autobusem, samolotem lub innymi \u015brodkami transportu, z baga\u017cem lub bez, i mo\u017ce odbywa\u0107 si\u0119 w jedn\u0105 lub w obie strony. Podr\u00f3\u017c mo\u017ce r\u00f3wnie\u017c obejmowa\u0107 stosunkowo kr\u00f3tkie pobyty mi\u0119dzy kolejnymi przemieszczeniami.<\/p>\n\n\n\n<p>The origin of the word \u201ctravel\u201d is most likely lost to history. The term \u201ctravel\u201d may originate from the Old French word travail, which means \u2018work\u2019. According to the Merriam Webster dictionary, the first known use of the word travel was in the 14th century.<\/p>","protected":false},"excerpt":{"rendered":"<p>You can add descriptions here to explain anything further. You can also add more details to optimize the page for SEO. Travel is the movement of people between relatively distant geographical locations, and can involve travel by foot, bicycle, automobile, train, boat, bus, airplane, or other means, with or without luggage, and can be one<\/p>","protected":false},"author":1,"featured_media":0,"parent":0,"menu_order":0,"comment_status":"closed","ping_status":"closed","template":"templates\/template-trip_types.php","meta":{"footnotes":""},"class_list":["post-8086","page","type-page","status-publish","hentry","travel-monster-post","no-post-thumbnail","latest_post"],"acf":[],"_links":{"self":[{"href":"https:\/\/traveling-egypt.com\/pl\/wp-json\/wp\/v2\/pages\/8086","targetHints":{"allow":["GET"]}}],"collection":[{"href":"https:\/\/traveling-egypt.com\/pl\/wp-json\/wp\/v2\/pages"}],"about":[{"href":"https:\/\/traveling-egypt.com\/pl\/wp-json\/wp\/v2\/types\/page"}],"author":[{"embeddable":true,"href":"https:\/\/traveling-egypt.com\/pl\/wp-json\/wp\/v2\/users\/1"}],"replies":[{"embeddable":true,"href":"https:\/\/traveling-egypt.com\/pl\/wp-json\/wp\/v2\/comments?post=8086"}],"version-history":[{"count":0,"href":"https:\/\/traveling-egypt.com\/pl\/wp-json\/wp\/v2\/pages\/8086\/revisions"}],"wp:attachment":[{"href":"https:\/\/traveling-egypt.com\/pl\/wp-json\/wp\/v2\/media?parent=8086"}],"curies":[{"name":"wp","href":"https:\/\/api.w.org\/{rel}","templated":true}]}}