{"id":10178,"date":"2025-11-20T00:38:31","date_gmt":"2025-11-20T00:38:31","guid":{"rendered":"https:\/\/traveling-egypt.com\/?page_id=10178"},"modified":"2025-11-20T00:51:59","modified_gmt":"2025-11-20T00:51:59","slug":"transfert","status":"publish","type":"page","link":"https:\/\/traveling-egypt.com\/ro\/transfert\/","title":{"rendered":"Transfer"},"content":{"rendered":"<div data-elementor-type=\"wp-page\" data-elementor-id=\"10178\" class=\"elementor elementor-10178\" data-elementor-post-type=\"page\">\n\t\t\t\t<div class=\"elementor-element elementor-element-6e0a2a20 e-flex e-con-boxed wpr-particle-no wpr-jarallax-no wpr-parallax-no wpr-sticky-section-no e-con e-parent\" data-id=\"6e0a2a20\" data-element_type=\"container\">\n\t\t\t\t\t<div class=\"e-con-inner\">\n\t\t<div class=\"elementor-element elementor-element-3827ef1c e-con-full e-flex wpr-particle-no wpr-jarallax-no wpr-parallax-no wpr-sticky-section-no e-con e-child\" data-id=\"3827ef1c\" data-element_type=\"container\">\n\t\t\t\t<div class=\"elementor-element elementor-element-7d0a0a18 elementor-widget elementor-widget-image\" data-id=\"7d0a0a18\" data-element_type=\"widget\" data-widget_type=\"image.default\">\n\t\t\t\t\t\t\t\t\t\t\t\t\t\t\t<img fetchpriority=\"high\" decoding=\"async\" width=\"370\" height=\"370\" src=\"https:\/\/traveling-egypt.com\/wp-content\/uploads\/2025\/11\/22-370x370-1.png\" class=\"attachment-large size-large wp-image-10189\" alt=\"\" srcset=\"https:\/\/traveling-egypt.com\/wp-content\/uploads\/2025\/11\/22-370x370-1.png 370w, https:\/\/traveling-egypt.com\/wp-content\/uploads\/2025\/11\/22-370x370-1-300x300.png 300w, https:\/\/traveling-egypt.com\/wp-content\/uploads\/2025\/11\/22-370x370-1-150x150.png 150w, https:\/\/traveling-egypt.com\/wp-content\/uploads\/2025\/11\/22-370x370-1-355x355.png 355w, https:\/\/traveling-egypt.com\/wp-content\/uploads\/2025\/11\/22-370x370-1-170x170.png 170w\" sizes=\"(max-width: 370px) 100vw, 370px\" \/>\t\t\t\t\t\t\t\t\t\t\t\t\t\t\t<\/div>\n\t\t\t\t<\/div>\n\t\t<div class=\"elementor-element elementor-element-1f2426f5 e-con-full e-flex wpr-particle-no wpr-jarallax-no wpr-parallax-no wpr-sticky-section-no e-con e-child\" data-id=\"1f2426f5\" data-element_type=\"container\">\n\t\t\t\t<div class=\"elementor-element elementor-element-750fc18d elementor-widget elementor-widget-heading\" data-id=\"750fc18d\" data-element_type=\"widget\" data-widget_type=\"heading.default\">\n\t\t\t\t\t<h2 class=\"elementor-heading-title elementor-size-default\">Transfer \u00eentre ora\u0219e<\/h2>\t\t\t\t<\/div>\n\t\t\t\t<div class=\"elementor-element elementor-element-1d3ef922 elementor-widget elementor-widget-text-editor\" data-id=\"1d3ef922\" data-element_type=\"widget\" data-widget_type=\"text-editor.default\">\n\t\t\t\t\t\t\t\t\t<p>Rezerva\u021bi-v\u0103 transferul \u00eentre dou\u0103 ora\u0219e pentru o c\u0103l\u0103torie pl\u0103cut\u0103! Pre\u021bul include \u00eentregul vehicul, ideal pentru 4 p\u00e2n\u0103 la 9 persoane. Bucura\u021bi-v\u0103 de b\u0103uturi \u0219i gust\u0103ri \u00een timpul c\u0103l\u0103toriei pentru o experien\u021b\u0103 \u0219i mai pl\u0103cut\u0103. Dac\u0103 sunte\u021bi mai pu\u021bin de 4 persoane, face\u021bi clic pe butonul de mai jos pentru a rezerva o ma\u0219in\u0103. \u0218oferul dumneavoastr\u0103 vorbitor de limba englez\u0103 v\u0103 va asigura confortul pe tot parcursul c\u0103l\u0103toriei!<\/p>\t\t\t\t\t\t\t\t<\/div>\n\t\t\t\t<\/div>\n\t\t\t\t\t<\/div>\n\t\t\t\t<\/div>\n\t\t<div class=\"elementor-element elementor-element-46a95f26 e-flex e-con-boxed wpr-particle-no wpr-jarallax-no wpr-parallax-no wpr-sticky-section-no e-con e-parent\" data-id=\"46a95f26\" data-element_type=\"container\">\n\t\t\t\t\t<div class=\"e-con-inner\">\n\t\t\t\t<div class=\"elementor-element elementor-element-f974d45 elementor-widget elementor-widget-text-editor\" data-id=\"f974d45\" data-element_type=\"widget\" data-widget_type=\"text-editor.default\">\n\t\t\t\t\t\t\t\t\t<div class=\"elementor-element elementor-element-bd421b9 --secondaryFontFamily elementor-widget elementor-widget-heading\" data-id=\"bd421b9\" data-element_type=\"widget\" data-widget_type=\"heading.default\"><div class=\"elementor-widget-container\"><h2 data-start=\"43\" data-end=\"122\"><strong data-start=\"43\" data-end=\"122\" data-is-last-node=\"\">Securizeaz\u0103-\u021bi transferul \u00een doar c\u00e2teva clicuri!<br data-start=\"87\" data-end=\"90\" \/>Formular de informa\u021bii pentru c\u0103l\u0103toria dumneavoastr\u0103<\/strong><\/h2><\/div><\/div>\t\t\t\t\t\t\t\t<\/div>\n\t\t\t\t<div class=\"elementor-element elementor-element-3622bf33 elementor-widget elementor-widget-text-editor\" data-id=\"3622bf33\" data-element_type=\"widget\" data-widget_type=\"text-editor.default\">\n\t\t\t\t\t\t\t\t\t<p data-start=\"43\" data-end=\"326\"><strong data-start=\"43\" data-end=\"326\">Completa\u021bi detaliile de mai jos pentru a v\u0103 optimiza sosirea sau plecarea.<br data-start=\"110\" data-end=\"113\" \/>Costul transferului cu minivanul, care trebuie pl\u0103tit direct \u0219oferului \u00een ziua prelu\u0103rii, este pentru \u00eentregul vehicul. Acest transfer este conceput pentru 4 p\u00e2n\u0103 la 9 persoane, iar cursele sunt disponibile \u00een ambele direc\u021bii.<\/strong><\/p><p data-start=\"328\" data-end=\"641\" data-is-last-node=\"\" data-is-only-node=\"\"><strong data-start=\"328\" data-end=\"342\">ATEN\u0162IE!<\/strong> C\u00e2nd \u00eenc\u0103rca\u021bi pa\u0219apoartele, v\u0103 rug\u0103m s\u0103 le grupa\u021bi \u00eentr-un singur dosar \u00eenainte de a le selecta.<br data-start=\"446\" data-end=\"449\" \/>Dac\u0103 le \u00eenc\u0103rca\u021bi unul c\u00e2te unul, fiecare pa\u0219aport nou \u00eel va suprascrie pe cel precedent.<br data-start=\"530\" data-end=\"533\" \/>Pentru a v\u0103 asigura c\u0103 toate imaginile sunt incluse, organiza\u021bi-le \u00eentr-un singur dosar \u0219i selecta\u021bi-le pe toate \u00eempreun\u0103. Mul\u021bumesc!<\/p>\t\t\t\t\t\t\t\t<\/div>\n\t\t\t\t<div class=\"elementor-element elementor-element-20258346 elementor-button-align-stretch elementor-widget elementor-widget-form\" data-id=\"20258346\" data-element_type=\"widget\" data-settings=\"{&quot;step_next_label&quot;:&quot;Next&quot;,&quot;step_previous_label&quot;:&quot;Previous&quot;,&quot;button_width&quot;:&quot;100&quot;,&quot;step_type&quot;:&quot;number_text&quot;,&quot;step_icon_shape&quot;:&quot;circle&quot;}\" data-widget_type=\"form.default\">\n\t\t\t\t\t\t\t<form class=\"elementor-form\" method=\"post\" name=\"New Form\" aria-label=\"Formular nou\" action=\"\">\n\t\t\t<input type=\"hidden\" name=\"post_id\" value=\"10178\"\/>\n\t\t\t<input type=\"hidden\" name=\"form_id\" value=\"20258346\"\/>\n\t\t\t<input type=\"hidden\" name=\"referer_title\" value=\"Transfert\" \/>\n\n\t\t\t\t\t\t\t<input type=\"hidden\" name=\"queried_id\" value=\"10178\"\/>\n\t\t\t\n\t\t\t<div class=\"elementor-form-fields-wrapper elementor-labels-above\">\n\t\t\t\t\t\t\t\t<div class=\"elementor-field-type-text elementor-field-group elementor-column elementor-field-group-name elementor-col-50\">\n\t\t\t\t\t\t\t\t\t\t\t\t<label for=\"form-field-name\" class=\"elementor-field-label\">\n\t\t\t\t\t\t\t\tNume \u0219i prenume \t\t\t\t\t\t\t<\/label>\n\t\t\t\t\t\t\t\t\t\t\t\t\t\t<input size=\"1\" type=\"text\" name=\"form_fields[name]\" id=\"form-field-name\" class=\"elementor-field elementor-size-sm  elementor-field-textual\">\n\t\t\t\t\t\t\t\t\t\t\t<\/div>\n\t\t\t\t\t\t\t\t<div class=\"elementor-field-type-number elementor-field-group elementor-column elementor-field-group-field_491983b elementor-col-50\">\n\t\t\t\t\t\t\t\t\t\t\t\t<label for=\"form-field-field_491983b\" class=\"elementor-field-label\">\n\t\t\t\t\t\t\t\tnum\u0103rul de c\u0103l\u0103tori \t\t\t\t\t\t\t<\/label>\n\t\t\t\t\t\t\t\t\t<input type=\"number\" name=\"form_fields[field_491983b]\" id=\"form-field-field_491983b\" class=\"elementor-field elementor-size-sm  elementor-field-textual\" min=\"\" max=\"\" >\n\t\t\t\t\t\t<\/div>\n\t\t\t\t\t\t\t\t<div class=\"elementor-field-type-select elementor-field-group elementor-column elementor-field-group-field_0f8c004 elementor-col-50\">\n\t\t\t\t\t\t\t\t\t\t\t\t<label for=\"form-field-field_0f8c004\" class=\"elementor-field-label\">\n\t\t\t\t\t\t\t\tAlegerea transferului\t\t\t\t\t\t\t<\/label>\n\t\t\t\t\t\t\t\t<div class=\"elementor-field elementor-select-wrapper remove-before\">\n\t\t\t<div class=\"select-caret-down-wrapper\">\n\t\t\t\t<svg aria-hidden=\"true\" class=\"e-font-icon-svg e-eicon-caret-down\" viewbox=\"0 0 571.4 571.4\" xmlns=\"http:\/\/www.w3.org\/2000\/svg\"><path d=\"M571 393Q571 407 561 418L311 668Q300 679 286 679T261 668L11 418Q0 407 0 393T11 368 36 357H536Q550 357 561 368T571 393Z\"><\/path><\/svg>\t\t\t<\/div>\n\t\t\t<select name=\"form_fields[field_0f8c004]\" id=\"form-field-field_0f8c004\" class=\"elementor-field-textual elementor-size-sm\">\n\t\t\t\t\t\t\t\t\t<option value=\"Assuan \u2013 Abu Simbel (\u20ac125)\">Assuan \u2013 Abu Simbel (125 \u20ac)<\/option>\n\t\t\t\t\t\t\t\t\t<option value=\"Aswan \u2013 Abu Simbel (\u20ac125)\">Assuan \u2013 Abu Simbel (125 \u20ac)<\/option>\n\t\t\t\t\t\t\t\t\t<option value=\"Hurghada \u2013 Luxor (\u20ac120)\">Hurghada \u2013 Luxor (120 \u20ac)<\/option>\n\t\t\t\t\t\t\t\t\t<option value=\"Hurghada \u2013 Marsa Alam (\u20ac120)\">Hurghada \u2013 Marsa Alam (120 \u20ac)<\/option>\n\t\t\t\t\t\t\t\t\t<option value=\"Hurghada \u2013 Cairo (\u20ac200)\">Hurghada \u2013 Cairo (200 \u20ac)<\/option>\n\t\t\t\t\t\t\t\t\t<option value=\"Hurghada \u2013 Aswan (\u20ac240)\">Hurghada \u2013 Assuan (\u20ac240)<\/option>\n\t\t\t\t\t\t\t\t\t<option value=\"Luxor \u2013 Aswan (\u20ac120)\">Luxor \u2013 Assuan (120 \u20ac)<\/option>\n\t\t\t\t\t\t\t\t\t<option value=\"Luxor \u2013 Marsa Alam (\u20ac150)\">Luxor \u2013 Marsa Alam (150 \u20ac)<\/option>\n\t\t\t\t\t\t\t\t\t<option value=\"Luxor \u2013 Cairo (\u20ac250)\">Luxor \u2013 Cairo (250 \u20ac)<\/option>\n\t\t\t\t\t\t\t<\/select>\n\t\t<\/div>\n\t\t\t\t\t\t<\/div>\n\t\t\t\t\t\t\t\t<div class=\"elementor-field-type-number elementor-field-group elementor-column elementor-field-group-field_802db58 elementor-col-50\">\n\t\t\t\t\t\t\t\t\t\t\t\t<label for=\"form-field-field_802db58\" class=\"elementor-field-label\">\n\t\t\t\t\t\t\t\tNum\u0103r de WhatsApp\t\t\t\t\t\t\t<\/label>\n\t\t\t\t\t\t\t\t\t<input type=\"number\" name=\"form_fields[field_802db58]\" id=\"form-field-field_802db58\" class=\"elementor-field elementor-size-sm  elementor-field-textual\" min=\"\" max=\"\" >\n\t\t\t\t\t\t<\/div>\n\t\t\t\t\t\t\t\t<div class=\"elementor-field-type-date elementor-field-group elementor-column elementor-field-group-field_62e0b1d elementor-col-50 elementor-field-required\">\n\t\t\t\t\t\t\t\t\t\t\t\t<label for=\"form-field-field_62e0b1d\" class=\"elementor-field-label\">\n\t\t\t\t\t\t\t\tData ridic\u0103rii\t\t\t\t\t\t\t<\/label>\n\t\t\t\t\t\t\n\t\t<input type=\"date\" name=\"form_fields[field_62e0b1d]\" id=\"form-field-field_62e0b1d\" class=\"elementor-field elementor-size-sm  elementor-field-textual elementor-date-field\" placeholder=\"Introduce\u021bi data ridic\u0103rii\" required=\"required\" pattern=\"[0-9]{4}-[0-9]{2}-[0-9]{2}\">\n\t\t\t\t\t\t<\/div>\n\t\t\t\t\t\t\t\t<div class=\"elementor-field-type-number elementor-field-group elementor-column elementor-field-group-field_3c56ffb elementor-col-50 elementor-field-required\">\n\t\t\t\t\t\t\t\t\t\t\t\t<label for=\"form-field-field_3c56ffb\" class=\"elementor-field-label\">\n\t\t\t\t\t\t\t\tData ridic\u0103rii\t\t\t\t\t\t\t<\/label>\n\t\t\t\t\t\t\t\t\t<input type=\"number\" name=\"form_fields[field_3c56ffb]\" id=\"form-field-field_3c56ffb\" class=\"elementor-field elementor-size-sm  elementor-field-textual\" required=\"required\" min=\"\" max=\"\" >\n\t\t\t\t\t\t<\/div>\n\t\t\t\t\t\t\t\t<div class=\"elementor-field-type-text elementor-field-group elementor-column elementor-field-group-field_f4437b5 elementor-col-50 elementor-field-required\">\n\t\t\t\t\t\t\t\t\t\t\t\t<label for=\"form-field-field_f4437b5\" class=\"elementor-field-label\">\n\t\t\t\t\t\t\t\tNUMELE HOTELULUI DE PLECARE\t\t\t\t\t\t\t<\/label>\n\t\t\t\t\t\t\t\t\t\t\t\t\t\t<input size=\"1\" type=\"text\" name=\"form_fields[field_f4437b5]\" id=\"form-field-field_f4437b5\" class=\"elementor-field elementor-size-sm  elementor-field-textual\" required=\"required\">\n\t\t\t\t\t\t\t\t\t\t\t<\/div>\n\t\t\t\t\t\t\t\t<div class=\"elementor-field-type-text elementor-field-group elementor-column elementor-field-group-field_8c39688 elementor-col-50 elementor-field-required\">\n\t\t\t\t\t\t\t\t\t\t\t\t<label for=\"form-field-field_8c39688\" class=\"elementor-field-label\">\n\t\t\t\t\t\t\t\tNUMELE HOTELULUI DE SOSIRE\t\t\t\t\t\t\t<\/label>\n\t\t\t\t\t\t\t\t\t\t\t\t\t\t<input size=\"1\" type=\"text\" name=\"form_fields[field_8c39688]\" id=\"form-field-field_8c39688\" class=\"elementor-field elementor-size-sm  elementor-field-textual\" required=\"required\">\n\t\t\t\t\t\t\t\t\t\t\t<\/div>\n\t\t\t\t\t\t\t\t<div class=\"elementor-field-type-upload elementor-field-group elementor-column elementor-field-group-field_7cf6200 elementor-col-50 elementor-field-required\">\n\t\t\t\t\t\t\t\t\t\t\t\t<label for=\"form-field-field_7cf6200\" class=\"elementor-field-label\">\n\t\t\t\t\t\t\t\tPa\u0219apoarte\t\t\t\t\t\t\t<\/label>\n\t\t\t\t\t\t\t\t<input type=\"file\" name=\"form_fields[field_7cf6200]\" id=\"form-field-field_7cf6200\" class=\"elementor-field elementor-size-sm  elementor-upload-field\" required=\"required\">\n\n\t\t\t\t\t\t<\/div>\n\t\t\t\t\t\t\t\t<div class=\"elementor-field-type-textarea elementor-field-group elementor-column elementor-field-group-field_705248e elementor-col-100 elementor-field-required\">\n\t\t\t\t\t\t\t\t\t\t\t\t<label for=\"form-field-field_705248e\" class=\"elementor-field-label\">\n\t\t\t\t\t\t\t\tCerin\u021be specifice\t\t\t\t\t\t\t<\/label>\n\t\t\t\t\t\t<textarea class=\"elementor-field-textual elementor-field  elementor-size-sm\" name=\"form_fields[field_705248e]\" id=\"form-field-field_705248e\" rows=\"4\" required=\"required\"><\/textarea>\t\t\t\t<\/div>\n\t\t\t\t\t\t\t\t<div class=\"elementor-field-group elementor-column elementor-field-type-submit elementor-col-100 e-form__buttons\">\n\t\t\t\t\t<button class=\"elementor-button elementor-size-sm\" type=\"submit\">\n\t\t\t\t\t\t<span class=\"elementor-button-content-wrapper\">\n\t\t\t\t\t\t\t\t\t\t\t\t\t\t\t\t\t\t\t\t\t\t<span class=\"elementor-button-text\">Rezerv\u0103 acum<\/span>\n\t\t\t\t\t\t\t\t\t\t\t\t\t<\/span>\n\t\t\t\t\t<\/button>\n\t\t\t\t<\/div>\n\t\t\t<\/div>\n\t\t<input type=\"hidden\" name=\"trp-form-language\" value=\"ro\"\/><\/form>\n\t\t\t\t\t\t<\/div>\n\t\t\t\t\t<\/div>\n\t\t\t\t<\/div>\n\t\t\t\t<\/div>","protected":false},"excerpt":{"rendered":"<p>Transfer between Cities Book your transfer between two cities for a pleasant trip! The price includes the entire vehicle, ideal for 4 to 9 people. Enjoy drinks and snacks during the journey for an even more enjoyable experience. If you are less than 4 people, click on the button below to book a car. Your<\/p>","protected":false},"author":1,"featured_media":0,"parent":0,"menu_order":0,"comment_status":"closed","ping_status":"closed","template":"elementor_header_footer","meta":{"footnotes":""},"class_list":["post-10178","page","type-page","status-publish","hentry","travel-monster-post","no-post-thumbnail","latest_post"],"acf":[],"_links":{"self":[{"href":"https:\/\/traveling-egypt.com\/ro\/wp-json\/wp\/v2\/pages\/10178","targetHints":{"allow":["GET"]}}],"collection":[{"href":"https:\/\/traveling-egypt.com\/ro\/wp-json\/wp\/v2\/pages"}],"about":[{"href":"https:\/\/traveling-egypt.com\/ro\/wp-json\/wp\/v2\/types\/page"}],"author":[{"embeddable":true,"href":"https:\/\/traveling-egypt.com\/ro\/wp-json\/wp\/v2\/users\/1"}],"replies":[{"embeddable":true,"href":"https:\/\/traveling-egypt.com\/ro\/wp-json\/wp\/v2\/comments?post=10178"}],"version-history":[{"count":7,"href":"https:\/\/traveling-egypt.com\/ro\/wp-json\/wp\/v2\/pages\/10178\/revisions"}],"predecessor-version":[{"id":10214,"href":"https:\/\/traveling-egypt.com\/ro\/wp-json\/wp\/v2\/pages\/10178\/revisions\/10214"}],"wp:attachment":[{"href":"https:\/\/traveling-egypt.com\/ro\/wp-json\/wp\/v2\/media?parent=10178"}],"curies":[{"name":"wp","href":"https:\/\/api.w.org\/{rel}","templated":true}]}}