{"id":8086,"date":"2021-12-30T10:54:48","date_gmt":"2021-12-30T10:54:48","guid":{"rendered":"https:\/\/traveling-egypt.com\/trip-types-2\/"},"modified":"2021-12-30T10:54:48","modified_gmt":"2021-12-30T10:54:48","slug":"trip-types-2","status":"publish","type":"page","link":"https:\/\/traveling-egypt.com\/ro\/trip-types-2\/","title":{"rendered":"Trip Types"},"content":{"rendered":"<p>You can add descriptions here to explain anything further. You can also add more details to optimize the page for SEO. <\/p>\n\n\n\n<p>C\u0103l\u0103toria reprezint\u0103 mi\u0219carea persoanelor \u00eentre loca\u021bii geografice relativ \u00eendep\u0103rtate \u0219i poate implica deplasarea pe jos, cu bicicleta, cu automobilul, cu trenul, cu barca, cu autobuzul, cu avionul sau cu alte mijloace, cu sau f\u0103r\u0103 bagaje, \u0219i poate fi dus sau dus-\u00eentors. C\u0103l\u0103toria poate include, de asemenea, \u0219ederi relativ scurte \u00eentre deplas\u0103ri succesive.<\/p>\n\n\n\n<p>The origin of the word \u201ctravel\u201d is most likely lost to history. The term \u201ctravel\u201d may originate from the Old French word travail, which means \u2018work\u2019. According to the Merriam Webster dictionary, the first known use of the word travel was in the 14th century.<\/p>","protected":false},"excerpt":{"rendered":"<p>You can add descriptions here to explain anything further. You can also add more details to optimize the page for SEO. Travel is the movement of people between relatively distant geographical locations, and can involve travel by foot, bicycle, automobile, train, boat, bus, airplane, or other means, with or without luggage, and can be one<\/p>","protected":false},"author":1,"featured_media":0,"parent":0,"menu_order":0,"comment_status":"closed","ping_status":"closed","template":"templates\/template-trip_types.php","meta":{"footnotes":""},"class_list":["post-8086","page","type-page","status-publish","hentry","travel-monster-post","no-post-thumbnail","latest_post"],"acf":[],"_links":{"self":[{"href":"https:\/\/traveling-egypt.com\/ro\/wp-json\/wp\/v2\/pages\/8086","targetHints":{"allow":["GET"]}}],"collection":[{"href":"https:\/\/traveling-egypt.com\/ro\/wp-json\/wp\/v2\/pages"}],"about":[{"href":"https:\/\/traveling-egypt.com\/ro\/wp-json\/wp\/v2\/types\/page"}],"author":[{"embeddable":true,"href":"https:\/\/traveling-egypt.com\/ro\/wp-json\/wp\/v2\/users\/1"}],"replies":[{"embeddable":true,"href":"https:\/\/traveling-egypt.com\/ro\/wp-json\/wp\/v2\/comments?post=8086"}],"version-history":[{"count":0,"href":"https:\/\/traveling-egypt.com\/ro\/wp-json\/wp\/v2\/pages\/8086\/revisions"}],"wp:attachment":[{"href":"https:\/\/traveling-egypt.com\/ro\/wp-json\/wp\/v2\/media?parent=8086"}],"curies":[{"name":"wp","href":"https:\/\/api.w.org\/{rel}","templated":true}]}}